{"id":34,"date":"2026-04-10T20:32:07","date_gmt":"2026-04-10T20:32:07","guid":{"rendered":"https:\/\/geotrend.app\/seo\/?page_id=34"},"modified":"2026-04-10T20:32:07","modified_gmt":"2026-04-10T20:32:07","slug":"politica-de-privacidade","status":"publish","type":"page","link":"https:\/\/geotrend.app\/seo\/pt\/politica-de-privacidade\/","title":{"rendered":"Pol\u00edtica de Privacidade"},"content":{"rendered":"<p>\u00daltima Atualiza\u00e7\u00e3o: 10 de abril de 2026<\/p>\n<p>Estamos comprometidos em proteger a sua privacidade na plataforma <strong>GeoTrend<\/strong> operada pela <strong>Haysoft<\/strong> (&#8220;Haysoft&#8221;, &#8220;<strong>GeoTrend,<\/strong>&#8221; &#8220;n\u00f3s&#8221;, &#8220;nosso&#8221; ou &#8220;nos&#8221;). Esta Pol\u00edtica de Privacidade explica como coletamos, usamos, divulgamos e protegemos as suas informa\u00e7\u00f5es quando voc\u00ea usa nossos servi\u00e7os de otimiza\u00e7\u00e3o de sites e an\u00e1lise de visibilidade de intelig\u00eancia artificial (IA) (&#8220;Servi\u00e7os&#8221;).<\/p>\n<p>Ao acessar ou usar nossos Servi\u00e7os, voc\u00ea concorda com os termos desta Pol\u00edtica de Privacidade. Se voc\u00ea n\u00e3o concorda com estes termos, por favor, n\u00e3o acesse os servi\u00e7os.<\/p>\n<p>Por sua filosofia central, o GeoTrend \u00e9 diferente da maioria dos servi\u00e7os: Analisamos sites e marcas, n\u00e3o informa\u00e7\u00f5es pessoais. Nosso servi\u00e7o se concentra em dados t\u00e9cnicos de SEO, na estrutura do site e em como seu conte\u00fado aparece para sistemas de IA e mecanismos de busca. Os dados de sites que analisamos s\u00e3o informa\u00e7\u00f5es dispon\u00edveis publicamente. Como parte de nosso servi\u00e7o principal, n\u00e3o coletamos, armazenamos ou processamos dados pessoais confidenciais. Os \u00fanicos dados pessoais que mantemos s\u00e3o as informa\u00e7\u00f5es necess\u00e1rias para fornecer uma conta a voc\u00ea e nos comunicarmos com voc\u00ea.<\/p>\n<p>&nbsp;<\/p>\n<h5>1. Informa\u00e7\u00f5es que Coletamos<\/h5>\n<p><strong>a. Informa\u00e7\u00f5es da Conta (Dados Pessoais M\u00ednimos)<\/strong><br \/>\nQuando voc\u00ea cria uma conta, coletamos apenas as informa\u00e7\u00f5es essenciais:<br \/>\nSeu nome e endere\u00e7o de e-mail<br \/>\nCredenciais de autentica\u00e7\u00e3o (processadas de forma segura)<br \/>\nInforma\u00e7\u00f5es de perfil que voc\u00ea optar por fornecer<br \/>\nInforma\u00e7\u00f5es de pagamento (processadas por provedores de pagamento seguros como o Stripe; nunca armazenamos os detalhes completos de pagamento em nossos servidores)<\/p>\n<p><strong>b. Dados de An\u00e1lise de Sites (N\u00e3o Pessoais)<\/strong><br \/>\nO n\u00facleo do nosso servi\u00e7o envolve a an\u00e1lise dos sites que voc\u00ea envia:<br \/>\nURLs dos sites que voc\u00ea deseja analisar<br \/>\nConte\u00fado de site dispon\u00edvel publicamente, meta tags e estrutura do site<br \/>\nM\u00e9tricas de SEO e t\u00e9cnicas do site<br \/>\nDados de visibilidade e cita\u00e7\u00e3o de intelig\u00eancia artificial (IA)<br \/>\nM\u00e9tricas de desempenho do site<\/p>\n<p>Nota: Estes dados consistem em informa\u00e7\u00f5es t\u00e9cnicas sobre sites e n\u00e3o cont\u00eam informa\u00e7\u00f5es pessoais sobre indiv\u00edduos.<\/p>\n<p><strong>c. Informa\u00e7\u00f5es de Uso<\/strong><br \/>\nColetamos automaticamente informa\u00e7\u00f5es sobre como voc\u00ea usa nossos Servi\u00e7os:<br \/>\n* P\u00e1ginas que voc\u00ea visita e recursos que utiliza<br \/>\n* Tipo e vers\u00e3o do navegador<br \/>\n* Informa\u00e7\u00f5es do dispositivo e endere\u00e7o IP<br \/>\n* Hora e data das visitas<br \/>\n* URLs de refer\u00eancia<\/p>\n<p><strong>d. Integra\u00e7\u00f5es Opcionais de Terceiros<\/strong><br \/>\nCom seu consentimento expl\u00edcito, voc\u00ea pode conectar servi\u00e7os de terceiros para melhorar sua experi\u00eancia no GeoTrend (por exemplo, dados de tr\u00e1fego agregados e somente leitura do Google Analytics para ajudar a rastrear visitantes de chatbots de IA). Nunca modificamos suas configura\u00e7\u00f5es nem acessamos dados de usu\u00e1rios individuais.<\/p>\n<h5>2. Como Usamos as Suas Informa\u00e7\u00f5es<\/h5>\n<p>Usamos as informa\u00e7\u00f5es que coletamos para os seguintes fins:<br \/>\nFornecer Nossos Servi\u00e7os: Para analisar sites, gerar relat\u00f3rios e fornecer insights sobre a visibilidade de SEO \/ IA.<br \/>\n<strong>Gerenciamento de Conta<\/strong>: Para criar sua conta, verificar seu acesso e processar pagamentos.<br \/>\n<strong>Comunica\u00e7\u00e3o:<\/strong> Para enviar atualiza\u00e7\u00f5es de servi\u00e7o, resultados de an\u00e1lises, notifica\u00e7\u00f5es t\u00e9cnicas e responder \u00e0s suas perguntas.<br \/>\n<strong>Melhoria:<\/strong> Para entender como nossos Servi\u00e7os s\u00e3o usados e para melhorar recursos e a experi\u00eancia do usu\u00e1rio.<br \/>\n<strong>Seguran\u00e7a:<\/strong> Para detectar, prevenir e resolver problemas t\u00e9cnicos, fraudes e abusos.<br \/>\n<strong>Conformidade:<\/strong> Para cumprir obriga\u00e7\u00f5es legais (especialmente as leis da Uni\u00e3o Europeia) e fazer cumprir nossos Termos de Servi\u00e7o.<\/p>\n<h5>3. Armazenamento e Seguran\u00e7a de Dados<\/h5>\n<p><strong>Local de Armazenamento de Dados<\/strong><br \/>\nComo uma empresa europeia (Alemanha), armazenamos seus dados em servidores em nuvem altamente seguros e em conformidade. Empregamos medidas de seguran\u00e7a padr\u00e3o do setor para proteger suas informa\u00e7\u00f5es.<\/p>\n<p><strong>Medidas de Seguran\u00e7a<\/strong><br \/>\nImplementamos medidas t\u00e9cnicas e organizacionais apropriadas para proteger seus dados:<br \/>\nCriptografia de dados em tr\u00e2nsito usando TLS\/SSL<br \/>\nCriptografia de dados confidenciais em repouso<br \/>\nSistemas de autentica\u00e7\u00e3o seguros<br \/>\nMonitoramento regular de seguran\u00e7a e rastreamento de erros<br \/>\nControles de acesso e atualiza\u00e7\u00f5es de seguran\u00e7a regulares<\/p>\n<h5>4. Servi\u00e7os de Terceiros<\/h5>\n<p>Usamos servi\u00e7os de terceiros confi\u00e1veis para nos ajudar a operar nossa plataforma. Esses servi\u00e7os podem processar informa\u00e7\u00f5es limitadas em nosso nome:<br \/>\nAn\u00e1lise e Rastreamento: Para melhorar a experi\u00eancia da plataforma (ex.: Google Analytics).<br \/>\nProcessamento de Pagamentos: Infraestrutura de pagamento segura para assinaturas (ex.: Stripe). O Stripe processa todos os dados de pagamento de forma segura.<br \/>\nServi\u00e7os de E-mail: Para enviar e-mails transacionais (redefini\u00e7\u00f5es de senha, notifica\u00e7\u00f5es de relat\u00f3rios).<br \/>\nMonitoramento de Erros: Sistemas para detectar e corrigir problemas t\u00e9cnicos rapidamente.<\/p>\n<p><strong>Nota:<\/strong> Esses servi\u00e7os de terceiros processam dados de acordo com suas pr\u00f3prias pol\u00edticas de privacidade. Selecionamos cuidadosamente parceiros com altos padr\u00f5es de privacidade e seguran\u00e7a.*<\/p>\n<h5>5. Cookies e Tecnologias de Rastreamento<\/h5>\n<p>Usamos cookies e tecnologias de rastreamento para melhorar sua experi\u00eancia e analisar como nossos Servi\u00e7os s\u00e3o usados:<br \/>\nCookies Essenciais: Necess\u00e1rios para autentica\u00e7\u00e3o e fun\u00e7\u00f5es b\u00e1sicas.<br \/>\nCookies Anal\u00edticos: Nos ajudam a entender como os visitantes usam nosso site.<br \/>\nCookies Funcionais: Lembram suas prefer\u00eancias e configura\u00e7\u00f5es.<\/p>\n<p>Voc\u00ea pode controlar os cookies nas configura\u00e7\u00f5es do seu navegador. Observe que a desativa\u00e7\u00e3o de certos cookies pode limitar sua capacidade de usar alguns recursos de nossos Servi\u00e7os.<\/p>\n<h5>6. Como Compartilhamos Suas Informa\u00e7\u00f5es<\/h5>\n<p>N\u00f3s absolutamente n\u00e3o vendemos suas informa\u00e7\u00f5es pessoais. Podemos compartilhar informa\u00e7\u00f5es apenas nas seguintes circunst\u00e2ncias limitadas:<br \/>\nProvedores de Servi\u00e7os: Com fornecedores terceirizados que nos ajudam a operar nossos Servi\u00e7os.<br \/>\nRequisitos Legais: Quando exigido por lei, ordem judicial ou outros processos legais.<br \/>\nTransfer\u00eancias Comerciais: No caso de uma fus\u00e3o, aquisi\u00e7\u00e3o ou venda de ativos.<br \/>\nProte\u00e7\u00e3o: Para proteger os direitos, a propriedade ou a seguran\u00e7a do GeoTrend, de nossos usu\u00e1rios ou de terceiros.<br \/>\nCom o Seu Consentimento: Quando voc\u00ea nos autoriza explicitamente a compartilhar informa\u00e7\u00f5es espec\u00edficas.<\/p>\n<h5>7. Seus Direitos e Escolhas<\/h5>\n<p>Voc\u00ea tem certos direitos em rela\u00e7\u00e3o \u00e0s suas informa\u00e7\u00f5es pessoais:<br \/>\nAcesso: Solicitar acesso \u00e0s informa\u00e7\u00f5es pessoais que mantemos sobre voc\u00ea.<br \/>\nCorre\u00e7\u00e3o: Solicitar a corre\u00e7\u00e3o de informa\u00e7\u00f5es imprecisas ou incompletas.<br \/>\nExclus\u00e3o: Solicitar a exclus\u00e3o de sua conta e de suas informa\u00e7\u00f5es pessoais.<br \/>\nOposi\u00e7\u00e3o \/ Opt-out: Cancelar o recebimento de e-mails de marketing.<\/p>\n<p>Para exercer qualquer um desses direitos, entre em contato conosco em **support@geotrend.app. Responderemos \u00e0 sua solicita\u00e7\u00e3o dentro dos prazos legais.<\/p>\n<h5>8. Reten\u00e7\u00e3o de Dados<\/h5>\n<p>Retemos suas informa\u00e7\u00f5es pelo tempo necess\u00e1rio para fornecer nossos Servi\u00e7os e cumprir os prop\u00f3sitos descritos nesta Pol\u00edtica de Privacidade. Quando os dados n\u00e3o forem mais necess\u00e1rios, n\u00f3s os excluiremos ou os anonimizaremos de forma segura.<\/p>\n<p>9. Direitos de Privacidade Europeus (RGPD)<\/p>\n<p>A Haysoft \u00e9 uma empresa com sede na Alemanha e, se voc\u00ea estiver localizado no Espa\u00e7o Econ\u00f4mico Europeu (EEE), voc\u00ea tem direitos sob o Regulamento Geral de Prote\u00e7\u00e3o de Dados (RGPD):<br \/>\nDireito de acesso aos seus dados pessoais<br \/>\nDireito \u00e0 retifica\u00e7\u00e3o de dados imprecisos<br \/>\nDireito ao apagamento (&#8220;direito ao esquecimento&#8221;)<br \/>\nDireito \u00e0 restri\u00e7\u00e3o do processamento<br \/>\nDireito \u00e0 portabilidade de dados<br \/>\nDireito de oposi\u00e7\u00e3o ao processamento<br \/>\nDireito de retirar o consentimento a qualquer momento<\/p>\n<p>Nossas bases legais para o processamento de seus dados incluem: execu\u00e7\u00e3o de um contrato, consentimento, interesses leg\u00edtimos e obriga\u00e7\u00f5es legais. Para exercer seus direitos de RGPD, contate <strong>support@geotrend.app<\/strong>.<\/p>\n<h5>10. Privacidade de Menores<\/h5>\n<p>Nossos Servi\u00e7os n\u00e3o se destinam ao uso por menores de 18 anos. Se tomarmos conhecimento de que coletamos informa\u00e7\u00f5es de um menor de forma inadvertida, tomaremos medidas para excluir tais informa\u00e7\u00f5es imediatamente.<\/p>\n<h5>11. Altera\u00e7\u00f5es na Pol\u00edtica de Privacidade<\/h5>\n<p>Podemos atualizar esta Pol\u00edtica de Privacidade de tempos em tempos para refletir mudan\u00e7as em nossas pr\u00e1ticas, tecnologia ou requisitos legais. Quando fizermos altera\u00e7\u00f5es, atualizaremos a data de &#8220;\u00daltima Atualiza\u00e7\u00e3o&#8221; na parte superior desta p\u00e1gina.<\/p>\n<h5>12. Entre em Contato<\/h5>\n<p>Se voc\u00ea tiver d\u00favidas, preocupa\u00e7\u00f5es ou solicita\u00e7\u00f5es em rela\u00e7\u00e3o a esta Pol\u00edtica de Privacidade ou a como lidamos com suas informa\u00e7\u00f5es, entre em contato conosco:<\/p>\n<p><strong>Haysoft IT<\/strong><br \/>\nMaximilianstr. 14.<br \/>\n41472 Neuss<br \/>\nGermany<br \/>\n<strong>E-mail<\/strong>: support@geotrend.app<\/p>\n<p>Estamos comprometidos em trabalhar com voc\u00ea para resolver quaisquer quest\u00f5es de privacidade e responderemos \u00e0s suas solicita\u00e7\u00f5es o mais r\u00e1pido poss\u00edvel.<\/p>\n<p>&nbsp;<\/p>\n<h4>Nossa Pol\u00edtica de Privacidade em Resumo<\/h4>\n<p>N\u00f3s nos concentramos em analisar sites e marcas, n\u00e3o informa\u00e7\u00f5es pessoais.<br \/>\nColetamos apenas dados pessoais m\u00ednimos (nome, e-mail, informa\u00e7\u00f5es da infraestrutura de pagamento).<br \/>\nN\u00f3s n\u00e3o vendemos suas informa\u00e7\u00f5es para ningu\u00e9m.<br \/>\nSeus dados s\u00e3o armazenados com seguran\u00e7a em plataformas de nuvem com altos padr\u00f5es.<br \/>\nVoc\u00ea pode acessar, corrigir ou excluir seus dados a qualquer momento (sob o RGPD).<br \/>\nTem alguma d\u00favida? Envie-nos um e-mail para <strong>support@geotrend.app<\/strong>.<\/p>\n","protected":false},"excerpt":{"rendered":"<p>\u00daltima Atualiza\u00e7\u00e3o: 10 de abril de 2026 Estamos comprometidos em proteger a sua privacidade na plataforma GeoTrend operada pela Haysoft (&#8220;Haysoft&#8221;, &#8220;GeoTrend,&#8221; &#8220;n\u00f3s&#8221;, &#8220;nosso&#8221; ou &#8220;nos&#8221;). Esta Pol\u00edtica de Privacidade explica como coletamos, usamos, divulgamos e protegemos as suas informa\u00e7\u00f5es quando voc\u00ea usa nossos servi\u00e7os de otimiza\u00e7\u00e3o de sites e an\u00e1lise de visibilidade de intelig\u00eancia &#8230; <a title=\"Pol\u00edtica de Privacidade\" class=\"read-more\" href=\"https:\/\/geotrend.app\/seo\/pt\/politica-de-privacidade\/\" aria-label=\"Read more about Pol\u00edtica de Privacidade\">Read more<\/a><\/p>\n","protected":false},"author":1,"featured_media":0,"parent":0,"menu_order":0,"comment_status":"closed","ping_status":"open","template":"","meta":{"footnotes":""},"class_list":["post-34","page","type-page","status-publish"],"yoast_head":"<!-- This site is optimized with the Yoast SEO plugin v27.4 - https:\/\/yoast.com\/product\/yoast-seo-wordpress\/ -->\n<title>Pol\u00edtica de Privacidade - GEO Trend - Yapay Zeka Optimizasyonu<\/title>\n<meta name=\"robots\" content=\"index, follow, max-snippet:-1, max-image-preview:large, max-video-preview:-1\" \/>\n<link rel=\"canonical\" href=\"https:\/\/geotrend.app\/seo\/pt\/politica-de-privacidade\/\" \/>\n<meta property=\"og:locale\" content=\"en_GB\" \/>\n<meta property=\"og:type\" content=\"article\" \/>\n<meta property=\"og:title\" content=\"Pol\u00edtica de Privacidade - GEO Trend - Yapay Zeka Optimizasyonu\" \/>\n<meta property=\"og:description\" content=\"\u00daltima Atualiza\u00e7\u00e3o: 10 de abril de 2026 Estamos comprometidos em proteger a sua privacidade na plataforma GeoTrend operada pela Haysoft (&#8220;Haysoft&#8221;, &#8220;GeoTrend,&#8221; &#8220;n\u00f3s&#8221;, &#8220;nosso&#8221; ou &#8220;nos&#8221;). Esta Pol\u00edtica de Privacidade explica como coletamos, usamos, divulgamos e protegemos as suas informa\u00e7\u00f5es quando voc\u00ea usa nossos servi\u00e7os de otimiza\u00e7\u00e3o de sites e an\u00e1lise de visibilidade de intelig\u00eancia ... Read more\" \/>\n<meta property=\"og:url\" content=\"https:\/\/geotrend.app\/seo\/pt\/politica-de-privacidade\/\" \/>\n<meta property=\"og:site_name\" content=\"GEO Trend - Yapay Zeka Optimizasyonu\" \/>\n<meta name=\"twitter:card\" content=\"summary_large_image\" \/>\n<meta name=\"twitter:label1\" content=\"Estimated reading time\" \/>\n\t<meta name=\"twitter:data1\" content=\"8 minutes\" \/>\n<script type=\"application\/ld+json\" class=\"yoast-schema-graph\">{\"@context\":\"https:\\\/\\\/schema.org\",\"@graph\":[{\"@type\":\"WebPage\",\"@id\":\"https:\\\/\\\/geotrend.app\\\/seo\\\/pt\\\/politica-de-privacidade\\\/\",\"url\":\"https:\\\/\\\/geotrend.app\\\/seo\\\/pt\\\/politica-de-privacidade\\\/\",\"name\":\"Pol\u00edtica de Privacidade - GEO Trend - Yapay Zeka Optimizasyonu\",\"isPartOf\":{\"@id\":\"https:\\\/\\\/geotrend.app\\\/seo\\\/#website\"},\"datePublished\":\"2026-04-10T20:32:07+00:00\",\"breadcrumb\":{\"@id\":\"https:\\\/\\\/geotrend.app\\\/seo\\\/pt\\\/politica-de-privacidade\\\/#breadcrumb\"},\"inLanguage\":\"en-GB\",\"potentialAction\":[{\"@type\":\"ReadAction\",\"target\":[\"https:\\\/\\\/geotrend.app\\\/seo\\\/pt\\\/politica-de-privacidade\\\/\"]}]},{\"@type\":\"BreadcrumbList\",\"@id\":\"https:\\\/\\\/geotrend.app\\\/seo\\\/pt\\\/politica-de-privacidade\\\/#breadcrumb\",\"itemListElement\":[{\"@type\":\"ListItem\",\"position\":1,\"name\":\"Home\",\"item\":\"https:\\\/\\\/geotrend.app\\\/seo\\\/ar\\\/\"},{\"@type\":\"ListItem\",\"position\":2,\"name\":\"Pol\u00edtica de Privacidade\"}]},{\"@type\":\"WebSite\",\"@id\":\"https:\\\/\\\/geotrend.app\\\/seo\\\/#website\",\"url\":\"https:\\\/\\\/geotrend.app\\\/seo\\\/\",\"name\":\"GEO Trend\",\"description\":\"\u0647\u0644 \u062a\u0631\u063a\u0628 \u0641\u064a \u0623\u0646 \u062a\u0638\u0647\u0631 \u0639\u0644\u0627\u0645\u062a\u0643 \u0627\u0644\u062a\u062c\u0627\u0631\u064a\u0629 \u0648\u0645\u0648\u0642\u0639\u0643 \u0627\u0644\u0625\u0644\u0643\u062a\u0631\u0648\u0646\u064a \u0639\u0646\u062f \u0637\u0631\u062d \u0627\u0644\u0623\u0633\u0626\u0644\u0629 \u0639\u0644\u0649 \u0645\u0646\u0635\u0627\u062a \u0627\u0644\u0630\u0643\u0627\u0621 \u0627\u0644\u0627\u0635\u0637\u0646\u0627\u0639\u064a\u061f \u062f\u0639\u0646\u0627 \u0646\u0633\u0627\u0639\u062f\u0643 \u0641\u064a \u0627\u0644\u0638\u0647\u0648\u0631 \u0639\u0644\u0649 \u0647\u0630\u0647 \u0627\u0644\u0645\u0646\u0635\u0627\u062a.\",\"publisher\":{\"@id\":\"https:\\\/\\\/geotrend.app\\\/seo\\\/#organization\"},\"potentialAction\":[{\"@type\":\"SearchAction\",\"target\":{\"@type\":\"EntryPoint\",\"urlTemplate\":\"https:\\\/\\\/geotrend.app\\\/seo\\\/?s={search_term_string}\"},\"query-input\":{\"@type\":\"PropertyValueSpecification\",\"valueRequired\":true,\"valueName\":\"search_term_string\"}}],\"inLanguage\":\"en-GB\"},{\"@type\":\"Organization\",\"@id\":\"https:\\\/\\\/geotrend.app\\\/seo\\\/#organization\",\"name\":\"GEO Trend - Yapay Zeka Optimizasyonu\",\"url\":\"https:\\\/\\\/geotrend.app\\\/seo\\\/\",\"logo\":{\"@type\":\"ImageObject\",\"inLanguage\":\"en-GB\",\"@id\":\"https:\\\/\\\/geotrend.app\\\/seo\\\/#\\\/schema\\\/logo\\\/image\\\/\",\"url\":\"https:\\\/\\\/geotrend.app\\\/seo\\\/wp-content\\\/uploads\\\/2026\\\/04\\\/geo-trendd-logo-2-1.png\",\"contentUrl\":\"https:\\\/\\\/geotrend.app\\\/seo\\\/wp-content\\\/uploads\\\/2026\\\/04\\\/geo-trendd-logo-2-1.png\",\"width\":208,\"height\":50,\"caption\":\"GEO Trend - Yapay Zeka Optimizasyonu\"},\"image\":{\"@id\":\"https:\\\/\\\/geotrend.app\\\/seo\\\/#\\\/schema\\\/logo\\\/image\\\/\"}}]}<\/script>\n<!-- \/ Yoast SEO plugin. -->","yoast_head_json":{"title":"Pol\u00edtica de Privacidade - GEO Trend - Yapay Zeka Optimizasyonu","robots":{"index":"index","follow":"follow","max-snippet":"max-snippet:-1","max-image-preview":"max-image-preview:large","max-video-preview":"max-video-preview:-1"},"canonical":"https:\/\/geotrend.app\/seo\/pt\/politica-de-privacidade\/","og_locale":"en_GB","og_type":"article","og_title":"Pol\u00edtica de Privacidade - GEO Trend - Yapay Zeka Optimizasyonu","og_description":"\u00daltima Atualiza\u00e7\u00e3o: 10 de abril de 2026 Estamos comprometidos em proteger a sua privacidade na plataforma GeoTrend operada pela Haysoft (&#8220;Haysoft&#8221;, &#8220;GeoTrend,&#8221; &#8220;n\u00f3s&#8221;, &#8220;nosso&#8221; ou &#8220;nos&#8221;). Esta Pol\u00edtica de Privacidade explica como coletamos, usamos, divulgamos e protegemos as suas informa\u00e7\u00f5es quando voc\u00ea usa nossos servi\u00e7os de otimiza\u00e7\u00e3o de sites e an\u00e1lise de visibilidade de intelig\u00eancia ... Read more","og_url":"https:\/\/geotrend.app\/seo\/pt\/politica-de-privacidade\/","og_site_name":"GEO Trend - Yapay Zeka Optimizasyonu","twitter_card":"summary_large_image","twitter_misc":{"Estimated reading time":"8 minutes"},"schema":{"@context":"https:\/\/schema.org","@graph":[{"@type":"WebPage","@id":"https:\/\/geotrend.app\/seo\/pt\/politica-de-privacidade\/","url":"https:\/\/geotrend.app\/seo\/pt\/politica-de-privacidade\/","name":"Pol\u00edtica de Privacidade - GEO Trend - Yapay Zeka Optimizasyonu","isPartOf":{"@id":"https:\/\/geotrend.app\/seo\/#website"},"datePublished":"2026-04-10T20:32:07+00:00","breadcrumb":{"@id":"https:\/\/geotrend.app\/seo\/pt\/politica-de-privacidade\/#breadcrumb"},"inLanguage":"en-GB","potentialAction":[{"@type":"ReadAction","target":["https:\/\/geotrend.app\/seo\/pt\/politica-de-privacidade\/"]}]},{"@type":"BreadcrumbList","@id":"https:\/\/geotrend.app\/seo\/pt\/politica-de-privacidade\/#breadcrumb","itemListElement":[{"@type":"ListItem","position":1,"name":"Home","item":"https:\/\/geotrend.app\/seo\/ar\/"},{"@type":"ListItem","position":2,"name":"Pol\u00edtica de Privacidade"}]},{"@type":"WebSite","@id":"https:\/\/geotrend.app\/seo\/#website","url":"https:\/\/geotrend.app\/seo\/","name":"GEO Trend","description":"\u0647\u0644 \u062a\u0631\u063a\u0628 \u0641\u064a \u0623\u0646 \u062a\u0638\u0647\u0631 \u0639\u0644\u0627\u0645\u062a\u0643 \u0627\u0644\u062a\u062c\u0627\u0631\u064a\u0629 \u0648\u0645\u0648\u0642\u0639\u0643 \u0627\u0644\u0625\u0644\u0643\u062a\u0631\u0648\u0646\u064a \u0639\u0646\u062f \u0637\u0631\u062d \u0627\u0644\u0623\u0633\u0626\u0644\u0629 \u0639\u0644\u0649 \u0645\u0646\u0635\u0627\u062a \u0627\u0644\u0630\u0643\u0627\u0621 \u0627\u0644\u0627\u0635\u0637\u0646\u0627\u0639\u064a\u061f \u062f\u0639\u0646\u0627 \u0646\u0633\u0627\u0639\u062f\u0643 \u0641\u064a \u0627\u0644\u0638\u0647\u0648\u0631 \u0639\u0644\u0649 \u0647\u0630\u0647 \u0627\u0644\u0645\u0646\u0635\u0627\u062a.","publisher":{"@id":"https:\/\/geotrend.app\/seo\/#organization"},"potentialAction":[{"@type":"SearchAction","target":{"@type":"EntryPoint","urlTemplate":"https:\/\/geotrend.app\/seo\/?s={search_term_string}"},"query-input":{"@type":"PropertyValueSpecification","valueRequired":true,"valueName":"search_term_string"}}],"inLanguage":"en-GB"},{"@type":"Organization","@id":"https:\/\/geotrend.app\/seo\/#organization","name":"GEO Trend - Yapay Zeka Optimizasyonu","url":"https:\/\/geotrend.app\/seo\/","logo":{"@type":"ImageObject","inLanguage":"en-GB","@id":"https:\/\/geotrend.app\/seo\/#\/schema\/logo\/image\/","url":"https:\/\/geotrend.app\/seo\/wp-content\/uploads\/2026\/04\/geo-trendd-logo-2-1.png","contentUrl":"https:\/\/geotrend.app\/seo\/wp-content\/uploads\/2026\/04\/geo-trendd-logo-2-1.png","width":208,"height":50,"caption":"GEO Trend - Yapay Zeka Optimizasyonu"},"image":{"@id":"https:\/\/geotrend.app\/seo\/#\/schema\/logo\/image\/"}}]}},"_links":{"self":[{"href":"https:\/\/geotrend.app\/seo\/wp-json\/wp\/v2\/pages\/34","targetHints":{"allow":["GET"]}}],"collection":[{"href":"https:\/\/geotrend.app\/seo\/wp-json\/wp\/v2\/pages"}],"about":[{"href":"https:\/\/geotrend.app\/seo\/wp-json\/wp\/v2\/types\/page"}],"author":[{"embeddable":true,"href":"https:\/\/geotrend.app\/seo\/wp-json\/wp\/v2\/users\/1"}],"replies":[{"embeddable":true,"href":"https:\/\/geotrend.app\/seo\/wp-json\/wp\/v2\/comments?post=34"}],"version-history":[{"count":1,"href":"https:\/\/geotrend.app\/seo\/wp-json\/wp\/v2\/pages\/34\/revisions"}],"predecessor-version":[{"id":35,"href":"https:\/\/geotrend.app\/seo\/wp-json\/wp\/v2\/pages\/34\/revisions\/35"}],"wp:attachment":[{"href":"https:\/\/geotrend.app\/seo\/wp-json\/wp\/v2\/media?parent=34"}],"curies":[{"name":"wp","href":"https:\/\/api.w.org\/{rel}","templated":true}]}}